{"id":1469,"date":"2025-05-06T17:47:14","date_gmt":"2025-05-06T16:47:14","guid":{"rendered":"https:\/\/csp-nariz.pt\/v2\/?page_id=1469"},"modified":"2025-07-01T14:52:18","modified_gmt":"2025-07-01T13:52:18","slug":"inscir_novos","status":"publish","type":"page","link":"https:\/\/csp-nariz.pt\/v2\/inscir_novos\/","title":{"rendered":"Inscri\u00e7\u00e3o [crian\u00e7as novas]"},"content":{"rendered":"<p>O presente formul\u00e1rio destina-se \u00e0 inscri\u00e7\u00e3o de crian\u00e7as que pretendam frequentar a institui\u00e7\u00e3o pela primeira vez.<\/p>\n<p>A inscri\u00e7\u00e3o n\u00e3o garante a admiss\u00e3o da crian\u00e7a, estando esta dependente da disponibilidade de vagas na resposta social em que se inscreve.<\/p>\n\n\n<p>Para o correto preenchimento do formul\u00e1rio de inscri\u00e7\u00e3o dever\u00e1 ter consigo, de acordo com cada caso em particular,  os seguintes documentos, referentes a si e a todos os membros do seu agregado familiar: <\/p>\n\n\n\n<p><strong>PARA PREENCHIMENTO DO FORMUL\u00c1RIO:<\/strong><\/p>\n\n\n\n<ul id=\"block-ef627b87-c4a9-4e06-8f06-9e7f12480244\" class=\"has-white-background-color has-background\">\n<li>Cart\u00e3o de cidad\u00e3o da crian\u00e7a;<\/li>\n\n\n\n<li>Cart\u00e3o de cidad\u00e3o (ou BI, cart\u00e3o de contribuinte e cart\u00e3o da Seguran\u00e7a Social) dos pais.<\/li>\n<\/ul>\n\n\n\n<p><strong>PARA SUBMISS\u00c3O NO FORMUL\u00c1RIO<\/strong>:<\/p>\n\n\n\n<ul id=\"block-ef627b87-c4a9-4e06-8f06-9e7f12480244\" class=\"has-white-background-color has-background\">\n<li>C\u00f3pia autorizada do assento de nascimento da crian\u00e7a;<\/li>\n\n\n\n<li>C\u00f3pia autorizada do Boletim de Vacinas da crian\u00e7a;<\/li>\n\n\n\n<li>Relat\u00f3rio m\u00e9dico que ateste que o utente tem o Plano Nacional de Vacina\u00e7\u00e3o (PNV) atualizado;<\/li>\n\n\n\n<li>Declara\u00e7\u00e3o comprovativa de defici\u00eancia\/incapacidade;<\/li>\n\n\n\n<li>Declara\u00e7\u00e3o de escal\u00e3o de abono de fam\u00edlia;<\/li>\n\n\n\n<li>Certificado de constitui\u00e7\u00e3o do agregado familiar;<\/li>\n\n\n\n<li>Comprovativo de morada;<\/li>\n\n\n\n<li>Certid\u00e3o da senten\u00e7a judicial que regule o poder paternal ou tutela\/curatela;<\/li>\n<\/ul>\n\n\n\n<p><strong>Para a inscri\u00e7\u00e3o em Educa\u00e7\u00e3o Pr\u00e9-escolar e CATL, acrescem ainda os seguintes documentos:<\/strong><\/p>\n\n\n\n<ul id=\"block-ef627b87-c4a9-4e06-8f06-9e7f12480244\" class=\"has-white-background-color has-background\">\n<li>Declara\u00e7\u00e3o(\u00f5es) de IRS 2024 e respetiva(s) nota(s) de liquida\u00e7\u00e3o;<\/li>\n\n\n\n<li>Declara\u00e7\u00e3o(\u00f5es) de Dispensa de Entrega de IRS;<\/li>\n\n\n\n<li>Os tr\u00eas \u00faltimos recibos de vencimento;<\/li>\n\n\n\n<li>Comprovativo(s) de renda\/presta\u00e7\u00e3o &#8211; habita\u00e7\u00e3o;<\/li>\n\n\n\n<li>Comprovativo encargos mensais em transportes p\u00fablicos;<\/li>\n\n\n\n<li>Comprovativo encargos mensais com despesas de sa\u00fade, em caso de doen\u00e7a cr\u00f3nica comprovada por Atestado M\u00e9dico;<\/li>\n\n\n\n<li>Comprovativo de comparticipa\u00e7\u00e3o dos descendentes e outros familiares em ERPI;<\/li>\n\n\n\n<li>Declara\u00e7\u00e3o(\u00f5es) comprovativa(s) do Subs\u00eddio de Desemprego;<\/li>\n\n\n\n<li>Extrato da remunera\u00e7\u00e3o da Seg. Social ou Declara\u00e7\u00e3o com o diferimento do valor;<\/li>\n\n\n\n<li>Comprovativo do Rendimento Social de Inser\u00e7\u00e3o (RSI);<\/li>\n\n\n\n<li>NOTA: <strong>Caso se verifique a efetiva admiss\u00e3o da crian\u00e7a<\/strong>, ser\u00e1\u00a0posteriormente\u00a0cobrado o valor de\u00a0<strong>30\u20ac (trinta euros)<\/strong>, para a inscri\u00e7\u00e3o, organiza\u00e7\u00e3o e tratamento do processo, acrescido de <strong>5\u20ac (cinco euros)<\/strong>, para o Seguro de Acidentes Pessoais (a incluir na primeira fatura).<\/li>\n<\/ul>\n\n\n\n<ul>\n<li><strong><a href=\"https:\/\/csp-nariz.pt\/v2\/wp-admin\/admin-ajax.php?action=frm_forms_preview&amp;form=Inscricoes_2025_26\" data-type=\"URL\" data-id=\"https:\/\/csp-nariz.pt\/v2\/wp-admin\/admin-ajax.php?action=frm_forms_preview&amp;form=Inscricoes_2025_26\">FORMUL\u00c1RIO PARA INSCRI\u00c7\u00c3O<\/a><\/strong><\/li>\n<\/ul>\n","protected":false},"excerpt":{"rendered":"<p>O presente formul\u00e1rio destina-se \u00e0 inscri\u00e7\u00e3o de crian\u00e7as que pretendam frequentar a institui\u00e7\u00e3o pela primeira vez. A inscri\u00e7\u00e3o n\u00e3o garante a admiss\u00e3o da crian\u00e7a, estando esta dependente da disponibilidade de vagas na resposta social em que se inscreve. Para o correto preenchimento do formul\u00e1rio de inscri\u00e7\u00e3o dever\u00e1 ter consigo, de acordo com cada caso em&hellip; <a class=\"more-link\" href=\"https:\/\/csp-nariz.pt\/v2\/inscir_novos\/\">Continue a ler <span class=\"screen-reader-text\">Inscri\u00e7\u00e3o [crian\u00e7as novas]<\/span><\/a><\/p>\n","protected":false},"author":1,"featured_media":0,"parent":0,"menu_order":0,"comment_status":"closed","ping_status":"closed","template":"","meta":[],"_links":{"self":[{"href":"https:\/\/csp-nariz.pt\/v2\/wp-json\/wp\/v2\/pages\/1469"}],"collection":[{"href":"https:\/\/csp-nariz.pt\/v2\/wp-json\/wp\/v2\/pages"}],"about":[{"href":"https:\/\/csp-nariz.pt\/v2\/wp-json\/wp\/v2\/types\/page"}],"author":[{"embeddable":true,"href":"https:\/\/csp-nariz.pt\/v2\/wp-json\/wp\/v2\/users\/1"}],"replies":[{"embeddable":true,"href":"https:\/\/csp-nariz.pt\/v2\/wp-json\/wp\/v2\/comments?post=1469"}],"version-history":[{"count":60,"href":"https:\/\/csp-nariz.pt\/v2\/wp-json\/wp\/v2\/pages\/1469\/revisions"}],"predecessor-version":[{"id":8913,"href":"https:\/\/csp-nariz.pt\/v2\/wp-json\/wp\/v2\/pages\/1469\/revisions\/8913"}],"wp:attachment":[{"href":"https:\/\/csp-nariz.pt\/v2\/wp-json\/wp\/v2\/media?parent=1469"}],"curies":[{"name":"wp","href":"https:\/\/api.w.org\/{rel}","templated":true}]}}